{"id":786,"date":"2023-02-27T19:08:39","date_gmt":"2023-02-27T18:08:39","guid":{"rendered":"http:\/\/tipik.de\/?page_id=786"},"modified":"2023-03-04T23:24:56","modified_gmt":"2023-03-04T22:24:56","slug":"rund-um-ki","status":"publish","type":"page","link":"http:\/\/tipik.de\/?page_id=786","title":{"rendered":"Rund um KI"},"content":{"rendered":"\n<p>Die Revolution hat begonnen! KI ist nun an der Reihe die digitale Welt komplett umzustellen. Hier den Anschluss nicht zu verpassen ist von gro\u00dfer Wichtigkeit. Mit dieser Seite an dieser Stelle m\u00f6chte ich einen kleinen Beitrag dazu leisten den \u00dcberblick zu behalten und die aktuelle Entwicklung zu verfolgen.<\/p>\n\n\n\n<div class=\"wp-block-columns alignwide is-layout-flex wp-container-core-columns-layout-1 wp-block-columns-is-layout-flex\">\n<div class=\"wp-block-column has-text-color has-background has-link-color wp-elements-9d21ece56d92cbcb02e1b968060a33b8 is-layout-flow wp-block-column-is-layout-flow\" style=\"color:#000000;background-color:#ffe97d;padding-top:2em;padding-right:2em;padding-bottom:2em;padding-left:2em\">\n<h2 class=\"wp-block-heading\" id=\"single\" style=\"font-size:40px\"><strong>OpenAI<\/strong><\/h2>\n\n\n\n<p class=\"has-normal-font-size\" style=\"line-height:1.5\"><strong>Enrich our growing community.<\/strong><\/p>\n\n\n\n<figure class=\"wp-block-image size-large\"><img loading=\"lazy\" decoding=\"async\" width=\"1024\" height=\"585\" src=\"http:\/\/tipik.de\/wp-content\/uploads\/image-1024x585.png\" alt=\"\" class=\"wp-image-795\" srcset=\"http:\/\/tipik.de\/wp-content\/uploads\/image-1024x585.png 1024w, http:\/\/tipik.de\/wp-content\/uploads\/image-300x171.png 300w, http:\/\/tipik.de\/wp-content\/uploads\/image-768x438.png 768w, http:\/\/tipik.de\/wp-content\/uploads\/image-1536x877.png 1536w, http:\/\/tipik.de\/wp-content\/uploads\/image.png 1892w\" sizes=\"(max-width: 1024px) 100vw, 1024px\" \/><\/figure>\n\n\n\n<hr class=\"wp-block-separator has-text-color has-css-opacity has-background is-style-wide\" style=\"background-color:#000000;color:#000000\"\/>\n\n\n\n<ul>\n<li>General admission and member discounts for one adult<\/li>\n\n\n\n<li>One free ticket per special exhibition<\/li>\n\n\n\n<li>Two single-use guest passes per year<\/li>\n<\/ul>\n\n\n\n<div class=\"wp-block-buttons alignfull is-horizontal is-content-justification-center is-layout-flex wp-container-core-buttons-layout-1 wp-block-buttons-is-layout-flex\">\n<div class=\"wp-block-button has-custom-width wp-block-button__width-100\"><a class=\"wp-block-button__link has-white-color has-text-color has-background no-border-radius wp-element-button\" style=\"background-color:#000000\">110&nbsp;\u20ac\/Jahr<\/a><\/div>\n<\/div>\n<\/div>\n\n\n\n<div class=\"wp-block-column has-text-color has-background has-link-color wp-elements-c8d662adf0fc70c206ef54a6f4a14f52 is-layout-flow wp-block-column-is-layout-flow\" style=\"color:#000000;background-color:#d1d1e1;padding-top:2em;padding-right:2em;padding-bottom:2em;padding-left:2em\">\n<h2 class=\"wp-block-heading\" id=\"family\" style=\"font-size:40px\"><strong>midjourney<\/strong><\/h2>\n\n\n\n<p class=\"has-normal-font-size\" style=\"line-height:1.5\"><strong>Support special exhibitions.<\/strong><\/p>\n\n\n\n<hr class=\"wp-block-separator has-css-opacity is-style-wide\"\/>\n\n\n\n<ul>\n<li>General admission and member discounts for two adults<\/li>\n\n\n\n<li>Four free tickets per special exhibition<\/li>\n\n\n\n<li>Four single-use guest passes per year<\/li>\n<\/ul>\n\n\n\n<div class=\"wp-block-buttons alignfull is-horizontal is-content-justification-center is-layout-flex wp-container-core-buttons-layout-2 wp-block-buttons-is-layout-flex\">\n<div class=\"wp-block-button has-custom-width wp-block-button__width-100 is-style-fill\"><a class=\"wp-block-button__link has-white-color has-text-color has-background no-border-radius wp-element-button\" style=\"background-color:#000000\">200&nbsp;\u20ac\/Jahr<\/a><\/div>\n<\/div>\n<\/div>\n\n\n\n<div class=\"wp-block-column has-text-color has-background has-link-color wp-elements-ea44689b2c3cd52c1d7ef2f7a4940ed2 is-layout-flow wp-block-column-is-layout-flow\" style=\"color:#000000;background-color:#c0ebf1;padding-top:2em;padding-right:2em;padding-bottom:2em;padding-left:2em\">\n<h2 class=\"wp-block-heading\" id=\"patron\" style=\"font-size:40px\"><strong>waymark<\/strong><\/h2>\n\n\n\n<p class=\"has-normal-font-size\"><strong>Take sup<\/strong><\/p>\n\n\n\n<figure class=\"wp-block-image size-large\"><img loading=\"lazy\" decoding=\"async\" width=\"1024\" height=\"576\" src=\"http:\/\/tipik.de\/wp-content\/uploads\/grafik-1024x576.png\" alt=\"\" class=\"wp-image-787\" srcset=\"http:\/\/tipik.de\/wp-content\/uploads\/grafik-1024x576.png 1024w, http:\/\/tipik.de\/wp-content\/uploads\/grafik-300x169.png 300w, http:\/\/tipik.de\/wp-content\/uploads\/grafik-768x432.png 768w, http:\/\/tipik.de\/wp-content\/uploads\/grafik-1110x624.png 1110w, http:\/\/tipik.de\/wp-content\/uploads\/grafik-528x297.png 528w, http:\/\/tipik.de\/wp-content\/uploads\/grafik.png 1366w\" sizes=\"(max-width: 1024px) 100vw, 1024px\" \/><\/figure>\n\n\n\n<p class=\"has-normal-font-size\"><strong>Erstellt automaztisch Videopr\u00e4sentationen zu einer Website<\/strong><\/p>\n\n\n\n<hr class=\"wp-block-separator has-css-opacity is-style-wide\"\/>\n\n\n\n<ul>\n<li>General admission and member discounts for two adults<\/li>\n\n\n\n<li>Five free tickets per special exhibition<\/li>\n\n\n\n<li>Six single-use guest passes per year<\/li>\n<\/ul>\n\n\n\n<div class=\"wp-block-buttons alignfull is-horizontal is-content-justification-center is-layout-flex wp-container-core-buttons-layout-3 wp-block-buttons-is-layout-flex\">\n<div class=\"wp-block-button has-custom-width wp-block-button__width-100\"><a class=\"wp-block-button__link has-white-color has-text-color has-background no-border-radius wp-element-button\" style=\"background-color:#000000\">400&nbsp;\u20ac\/Jahr<\/a><\/div>\n<\/div>\n<\/div>\n<\/div>\n\n\n\n<div class=\"wp-block-columns alignwide is-layout-flex wp-container-core-columns-layout-2 wp-block-columns-is-layout-flex\">\n<div class=\"wp-block-column has-text-color has-background has-link-color wp-elements-ebef42d90c4c9bf6eecbd86943354888 is-layout-flow wp-block-column-is-layout-flow\" style=\"color:#000000;background-color:#ffe97d;padding-top:2em;padding-right:2em;padding-bottom:2em;padding-left:2em\">\n<h2 class=\"wp-block-heading\" id=\"single\" style=\"font-size:40px\"><strong>Single<\/strong><\/h2>\n\n\n\n<p class=\"has-normal-font-size\" style=\"line-height:1.5\"><strong>Enrich our growing community.<\/strong> <\/p>\n\n\n\n<hr class=\"wp-block-separator has-text-color has-css-opacity has-background is-style-wide\" style=\"background-color:#000000;color:#000000\"\/>\n\n\n\n<ul>\n<li>General admission and member discounts for one adult<\/li>\n\n\n\n<li>One free ticket per special exhibition<\/li>\n\n\n\n<li>Two single-use guest passes per year<\/li>\n<\/ul>\n\n\n\n<div class=\"wp-block-buttons alignfull is-horizontal is-content-justification-center is-layout-flex wp-container-core-buttons-layout-4 wp-block-buttons-is-layout-flex\">\n<div class=\"wp-block-button has-custom-width wp-block-button__width-100\"><a class=\"wp-block-button__link has-white-color has-text-color has-background no-border-radius wp-element-button\" style=\"background-color:#000000\">110&nbsp;\u20ac\/Jahr<\/a><\/div>\n<\/div>\n<\/div>\n\n\n\n<div class=\"wp-block-column has-text-color has-background has-link-color wp-elements-ec5d1b139e7b77501dd731803df26e1a is-layout-flow wp-block-column-is-layout-flow\" style=\"color:#000000;background-color:#d1d1e1;padding-top:2em;padding-right:2em;padding-bottom:2em;padding-left:2em\">\n<h2 class=\"wp-block-heading\" id=\"family\" style=\"font-size:40px\"><strong>Familie<\/strong><\/h2>\n\n\n\n<p class=\"has-normal-font-size\" style=\"line-height:1.5\"><strong>Support special exhibitions.<\/strong><\/p>\n\n\n\n<hr class=\"wp-block-separator has-css-opacity is-style-wide\"\/>\n\n\n\n<ul>\n<li>General admission and member discounts for two adults<\/li>\n\n\n\n<li>Four free tickets per special exhibition<\/li>\n\n\n\n<li>Four single-use guest passes per year<\/li>\n<\/ul>\n\n\n\n<div class=\"wp-block-buttons alignfull is-horizontal is-content-justification-center is-layout-flex wp-container-core-buttons-layout-5 wp-block-buttons-is-layout-flex\">\n<div class=\"wp-block-button has-custom-width wp-block-button__width-100 is-style-fill\"><a class=\"wp-block-button__link has-white-color has-text-color has-background no-border-radius wp-element-button\" style=\"background-color:#000000\">200&nbsp;\u20ac\/Jahr<\/a><\/div>\n<\/div>\n<\/div>\n\n\n\n<div class=\"wp-block-column has-text-color has-background has-link-color wp-elements-ffb2fa2a5faf53e6a7f79c8c64e4c568 is-layout-flow wp-block-column-is-layout-flow\" style=\"color:#000000;background-color:#c0ebf1;padding-top:2em;padding-right:2em;padding-bottom:2em;padding-left:2em\">\n<h2 class=\"wp-block-heading\" id=\"patron\" style=\"font-size:40px\"><strong>Patron<\/strong><\/h2>\n\n\n\n<p class=\"has-normal-font-size\"><strong>Take support to the next level.<\/strong><\/p>\n\n\n\n<hr class=\"wp-block-separator has-css-opacity is-style-wide\"\/>\n\n\n\n<ul>\n<li>General admission and member discounts for two adults<\/li>\n\n\n\n<li>Five free tickets per special exhibition<\/li>\n\n\n\n<li>Six single-use guest passes per year<\/li>\n<\/ul>\n\n\n\n<div class=\"wp-block-buttons alignfull is-horizontal is-content-justification-center is-layout-flex wp-container-core-buttons-layout-6 wp-block-buttons-is-layout-flex\">\n<div class=\"wp-block-button has-custom-width wp-block-button__width-100\"><a class=\"wp-block-button__link has-white-color has-text-color has-background no-border-radius wp-element-button\" style=\"background-color:#000000\">400&nbsp;\u20ac\/Jahr<\/a><\/div>\n<\/div>\n<\/div>\n<\/div>\n\n\n\n<div class=\"wp-block-columns alignwide is-layout-flex wp-container-core-columns-layout-3 wp-block-columns-is-layout-flex\">\n<div class=\"wp-block-column has-text-color has-background has-link-color wp-elements-ebef42d90c4c9bf6eecbd86943354888 is-layout-flow wp-block-column-is-layout-flow\" style=\"color:#000000;background-color:#ffe97d;padding-top:2em;padding-right:2em;padding-bottom:2em;padding-left:2em\">\n<h2 class=\"wp-block-heading\" id=\"single\" style=\"font-size:40px\"><strong>Single<\/strong><\/h2>\n\n\n\n<p class=\"has-normal-font-size\" style=\"line-height:1.5\"><strong>Enrich our growing community.<\/strong> <\/p>\n\n\n\n<hr class=\"wp-block-separator has-text-color has-css-opacity has-background is-style-wide\" style=\"background-color:#000000;color:#000000\"\/>\n\n\n\n<ul>\n<li>General admission and member discounts for one adult<\/li>\n\n\n\n<li>One free ticket per special exhibition<\/li>\n\n\n\n<li>Two single-use guest passes per year<\/li>\n<\/ul>\n\n\n\n<div class=\"wp-block-buttons alignfull is-horizontal is-content-justification-center is-layout-flex wp-container-core-buttons-layout-7 wp-block-buttons-is-layout-flex\">\n<div class=\"wp-block-button has-custom-width wp-block-button__width-100\"><a class=\"wp-block-button__link has-white-color has-text-color has-background no-border-radius wp-element-button\" style=\"background-color:#000000\">110&nbsp;\u20ac\/Jahr<\/a><\/div>\n<\/div>\n<\/div>\n\n\n\n<div class=\"wp-block-column has-text-color has-background has-link-color wp-elements-ec5d1b139e7b77501dd731803df26e1a is-layout-flow wp-block-column-is-layout-flow\" style=\"color:#000000;background-color:#d1d1e1;padding-top:2em;padding-right:2em;padding-bottom:2em;padding-left:2em\">\n<h2 class=\"wp-block-heading\" id=\"family\" style=\"font-size:40px\"><strong>Familie<\/strong><\/h2>\n\n\n\n<p class=\"has-normal-font-size\" style=\"line-height:1.5\"><strong>Support special exhibitions.<\/strong><\/p>\n\n\n\n<hr class=\"wp-block-separator has-css-opacity is-style-wide\"\/>\n\n\n\n<ul>\n<li>General admission and member discounts for two adults<\/li>\n\n\n\n<li>Four free tickets per special exhibition<\/li>\n\n\n\n<li>Four single-use guest passes per year<\/li>\n<\/ul>\n\n\n\n<div class=\"wp-block-buttons alignfull is-horizontal is-content-justification-center is-layout-flex wp-container-core-buttons-layout-8 wp-block-buttons-is-layout-flex\">\n<div class=\"wp-block-button has-custom-width wp-block-button__width-100 is-style-fill\"><a class=\"wp-block-button__link has-white-color has-text-color has-background no-border-radius wp-element-button\" style=\"background-color:#000000\">200&nbsp;\u20ac\/Jahr<\/a><\/div>\n<\/div>\n<\/div>\n\n\n\n<div class=\"wp-block-column has-text-color has-background has-link-color wp-elements-ffb2fa2a5faf53e6a7f79c8c64e4c568 is-layout-flow wp-block-column-is-layout-flow\" style=\"color:#000000;background-color:#c0ebf1;padding-top:2em;padding-right:2em;padding-bottom:2em;padding-left:2em\">\n<h2 class=\"wp-block-heading\" id=\"patron\" style=\"font-size:40px\"><strong>Patron<\/strong><\/h2>\n\n\n\n<p class=\"has-normal-font-size\"><strong>Take support to the next level.<\/strong><\/p>\n\n\n\n<hr class=\"wp-block-separator has-css-opacity is-style-wide\"\/>\n\n\n\n<ul>\n<li>General admission and member discounts for two adults<\/li>\n\n\n\n<li>Five free tickets per special exhibition<\/li>\n\n\n\n<li>Six single-use guest passes per year<\/li>\n<\/ul>\n\n\n\n<div class=\"wp-block-buttons alignfull is-horizontal is-content-justification-center is-layout-flex wp-container-core-buttons-layout-9 wp-block-buttons-is-layout-flex\">\n<div class=\"wp-block-button has-custom-width wp-block-button__width-100\"><a class=\"wp-block-button__link has-white-color has-text-color has-background no-border-radius wp-element-button\" style=\"background-color:#000000\">400&nbsp;\u20ac\/Jahr<\/a><\/div>\n<\/div>\n<\/div>\n<\/div>\n\n\n\n<ul>\n<li><\/li>\n<\/ul>\n\n\n\n<p><\/p>\n","protected":false},"excerpt":{"rendered":"<p>Die Revolution hat begonnen! KI ist nun an der Reihe die digitale Welt komplett umzustellen. Hier den Anschluss nicht zu verpassen ist von gro\u00dfer Wichtigkeit. Mit dieser Seite an dieser Stelle m\u00f6chte ich einen kleinen Beitrag dazu leisten den \u00dcberblick zu behalten und die aktuelle Entwicklung zu verfolgen. OpenAI Enrich our growing community. midjourney Support [&hellip;]<\/p>\n","protected":false},"author":1,"featured_media":757,"parent":0,"menu_order":0,"comment_status":"closed","ping_status":"closed","template":"","meta":{"footnotes":""},"_links":{"self":[{"href":"http:\/\/tipik.de\/index.php?rest_route=\/wp\/v2\/pages\/786"}],"collection":[{"href":"http:\/\/tipik.de\/index.php?rest_route=\/wp\/v2\/pages"}],"about":[{"href":"http:\/\/tipik.de\/index.php?rest_route=\/wp\/v2\/types\/page"}],"author":[{"embeddable":true,"href":"http:\/\/tipik.de\/index.php?rest_route=\/wp\/v2\/users\/1"}],"replies":[{"embeddable":true,"href":"http:\/\/tipik.de\/index.php?rest_route=%2Fwp%2Fv2%2Fcomments&post=786"}],"version-history":[{"count":4,"href":"http:\/\/tipik.de\/index.php?rest_route=\/wp\/v2\/pages\/786\/revisions"}],"predecessor-version":[{"id":796,"href":"http:\/\/tipik.de\/index.php?rest_route=\/wp\/v2\/pages\/786\/revisions\/796"}],"wp:featuredmedia":[{"embeddable":true,"href":"http:\/\/tipik.de\/index.php?rest_route=\/wp\/v2\/media\/757"}],"wp:attachment":[{"href":"http:\/\/tipik.de\/index.php?rest_route=%2Fwp%2Fv2%2Fmedia&parent=786"}],"curies":[{"name":"wp","href":"https:\/\/api.w.org\/{rel}","templated":true}]}}