{"id":3,"date":"2020-05-25T02:50:09","date_gmt":"2020-05-25T00:50:09","guid":{"rendered":"http:\/\/tipik.de\/?page_id=3"},"modified":"2021-01-09T02:18:41","modified_gmt":"2021-01-09T01:18:41","slug":"datenschutzerklaerung","status":"publish","type":"page","link":"http:\/\/tipik.de\/?page_id=3","title":{"rendered":"Impressum und Datenschutzerkl\u00e4rung"},"content":{"rendered":"\n<h2 class=\"wp-block-heading\">Wer wir sind<\/h2>\n\n\n\n<p>TIPIK ist die Bezeichnung f\u00fcr den bereich der Technischen Dokumentation bei der GLIM Ethnomarketing Agentur in Hamburg. <\/p>\n\n\n\n<p>Die Adresse unserer Website ist: http:\/\/tipik.de<\/p>\n\n\n\n<p><\/p>\n\n\n\n<p>Verantwortlich ist auch hier:<\/p>\n\n\n\n<p>GLIM Agentur f\u00fcr Ethnomarketing, Wirtschaftsmediation und Technische Dokumentation<\/p>\n\n\n\n<p>Adenauerallee 29 | 20097 Hamburg<\/p>\n\n\n\n<p>Telefon: 040 \/ 333 54 911 | Email: <a href=\"mailto:info@glim.de\">info@tipik.de<\/a><\/p>\n\n\n\n<h2 class=\"wp-block-heading\">Welche personenbezogenen Daten wir sammeln und warum wir sie sammeln<\/h2>\n\n\n\n<p>Auf meinen Webseiten versuche ich m\u00f6glichst keinerlei Daten \u00fcber den Besucher zu ermitteln. Leider sind einige Cokkies technisch erforderlich und oftmals auch wichtig f\u00fcr den Besucher selbst. <\/p>\n\n\n\n<p>So bitte ich um Verst\u00e4ndnis, dass es mir nicht m\u00f6glich komplett ohne irgendwelche Daten von Euch eine Webseite zu betreiben.   Sofern du deinen Browser so einstellst, dass auch die Cookies nach deinem Besuch gek\u00f6scht werden bleibe kaum ochInformationen \u00fcber.<\/p>\n\n\n\n<p>Aus meiner Seite sammele ich keinerlei Daten \u00fcber den Besucher und gebe auch nichts an Dritte weiter. Technisch gibt es jedoch immer digitalen Austausch zwischen deinem Ger\u00e4t und unserem Server. Das kann man kaum verhindern.<\/p>\n\n\n\n<h3 class=\"wp-block-heading\">Cookies<\/h3>\n\n\n\n<p>Es werden technisch wichtige Cookies angelegt. die ausschliesslich zur Optimierung der Darstellung diesen sollen. Sie stellen lediglich sicher, dass dein Ger\u00e4t mit dem Server harmonisiert. <\/p>\n\n\n\n<h3 class=\"wp-block-heading\">Eingebettete Inhalte von anderen Websites<\/h3>\n\n\n\n<p>Beitr\u00e4ge auf dieser Website k\u00f6nnen eingebettete Inhalte beinhalten (z.&nbsp;B. Videos, Bilder, Beitr\u00e4ge etc.). Eingebettete Inhalte von anderen Websites verhalten sich exakt so, als ob der Besucher die andere Website besucht h\u00e4tte.<\/p>\n\n\n\n<p>Diese Websites k\u00f6nnen Daten \u00fcber dich sammeln, Cookies benutzen, zus\u00e4tzliche Tracking-Dienste von Dritten einbetten und deine Interaktion mit diesem eingebetteten Inhalt aufzeichnen, inklusive deiner Interaktion mit dem eingebetteten Inhalt, falls du ein Konto hast und auf dieser Website angemeldet bist.<\/p>\n\n\n\n<h3 class=\"wp-block-heading\">Analysedienste<\/h3>\n\n\n\n<p>Wir widerstreben dem Gedanken von Analysetolls und verwenden diese auch nicht.<\/p>\n","protected":false},"excerpt":{"rendered":"<p>Wer wir sind TIPIK ist die Bezeichnung f\u00fcr den bereich der Technischen Dokumentation bei der GLIM Ethnomarketing Agentur in Hamburg. Die Adresse unserer Website ist: http:\/\/tipik.de Verantwortlich ist auch hier: GLIM Agentur f\u00fcr Ethnomarketing, Wirtschaftsmediation und Technische Dokumentation Adenauerallee 29 | 20097 Hamburg Telefon: 040 \/ 333 54 911 | Email: info@tipik.de Welche personenbezogenen Daten [&hellip;]<\/p>\n","protected":false},"author":1,"featured_media":0,"parent":0,"menu_order":0,"comment_status":"closed","ping_status":"open","template":"","meta":{"footnotes":""},"_links":{"self":[{"href":"http:\/\/tipik.de\/index.php?rest_route=\/wp\/v2\/pages\/3"}],"collection":[{"href":"http:\/\/tipik.de\/index.php?rest_route=\/wp\/v2\/pages"}],"about":[{"href":"http:\/\/tipik.de\/index.php?rest_route=\/wp\/v2\/types\/page"}],"author":[{"embeddable":true,"href":"http:\/\/tipik.de\/index.php?rest_route=\/wp\/v2\/users\/1"}],"replies":[{"embeddable":true,"href":"http:\/\/tipik.de\/index.php?rest_route=%2Fwp%2Fv2%2Fcomments&post=3"}],"version-history":[{"count":1,"href":"http:\/\/tipik.de\/index.php?rest_route=\/wp\/v2\/pages\/3\/revisions"}],"predecessor-version":[{"id":782,"href":"http:\/\/tipik.de\/index.php?rest_route=\/wp\/v2\/pages\/3\/revisions\/782"}],"wp:attachment":[{"href":"http:\/\/tipik.de\/index.php?rest_route=%2Fwp%2Fv2%2Fmedia&parent=3"}],"curies":[{"name":"wp","href":"https:\/\/api.w.org\/{rel}","templated":true}]}}